{"id":45,"date":"2011-02-23T19:00:45","date_gmt":"2011-02-23T19:00:45","guid":{"rendered":"http:\/\/faschismustheorie.de\/?page_id=45"},"modified":"2025-10-28T14:00:12","modified_gmt":"2025-10-28T13:00:12","slug":"eigene-arbeiten","status":"publish","type":"page","link":"https:\/\/faschismustheorie.de\/?page_id=45","title":{"rendered":"Eigene Arbeiten"},"content":{"rendered":"<h3><a href=\"https:\/\/antifa.vvn-bda.de\/2025\/03\/12\/ursprung-und-ausweitung\/\">Ursprung und Ausweitung. Mehr Sorgfalt beim Faschismusbegriff!<\/a><br \/>\n(M\u00e4rz 2025)<\/h3>\n<p>Zuerst erschienen in der Zeitschrift <a href=\"https:\/\/antifa.vvn-bda.de\/\">&#8222;antifa&#8220;<\/a>.<\/p>\n<h3><a href=\"https:\/\/antifa.vvn-bda.de\/2025\/01\/04\/neue-faschismusepoche\/\">Neue Faschismusepoche? \u00dcber Unterschiede zwischen damals und heute.<\/a><br \/>\n(Januar 2025)<\/h3>\n<p>Zuerst erschienen in der Zeitschrift <a href=\"https:\/\/antifa.vvn-bda.de\/\">&#8222;antifa&#8220;<\/a>, danach in <a href=\"http:\/\/www.freiheitskaempfer.at\/wp-content\/uploads\/2025\/03\/Kaempfer-1_2_3_2025.pdf\">&#8222;Der sozialdemokratische K\u00e4mpfer&#8220;<\/a> (Nummer 01-02-03\/2025, S. 14).<\/p>\n<h3><a href=\"https:\/\/link.springer.com\/referenceworkentry\/10.1007\/978-3-658-38373-2_7-1\">Faschismus: Begriff, Geschichte, Forschung<\/a><br \/>\n(April 2024)<\/h3>\n<p>Von <strong>Alexander H\u00e4usler<\/strong> (D\u00fcsseldorf) und <strong>Mathias W\u00f6rsching<\/strong> (Berlin),<br \/>\nerscheint im &#8222;Handbuch Rechtsextremismus&#8220;.<\/p>\n<h3><a href=\"https:\/\/www.nd-aktuell.de\/artikel\/1164437.russland-faschismusvergleiche.html?sstr=W%C3%B6rsching\">Faschismusvergleiche.<br \/>\nWird Russland zum faschistischen Staat oder ist es gar schon?<\/a><br \/>\n(Juni 2022)<\/h3>\n<p>Zuerst erschienen in <a href=\"https:\/\/www.nd-aktuell.de\/\">ND-Journalismus von links<\/a> (11.06.2022).<\/p>\n<h3><a href=\"https:\/\/faschismustheorie.de\/wp-content\/uploads\/2011\/01\/Woersching-iz3w-379.pdf\">Liebe zur Gewalt.<\/a><a href=\"https:\/\/faschismustheorie.de\/wp-content\/uploads\/2011\/01\/Woersching-iz3w-379.pdf\"><br \/>\nWarum Faschismus und Terror unzertrennlich<\/a><a href=\"https:\/\/faschismustheorie.de\/wp-content\/uploads\/2011\/01\/Woersching-iz3w-379.pdf\"> sind.<\/a><br \/>\n(Juni 2020)<\/h3>\n<p>Zuerst erschienen in <a href=\"https:\/\/www.iz3w.org\/zeitschrift\/ausgaben\/379_rechte_gewalt\">Iz3w 379<\/a>, einer Schwerpunktausgabe zum Thema &#8222;Rechte Gewalt&#8220; mit Beitr\u00e4gen von <strong>Thorsten Mense<\/strong>, <strong>Klaus Theweleit<\/strong>, <strong>Ute Weinmann<\/strong> u.a.<\/p>\n<h3><a href=\"https:\/\/www.jungewelt.de\/artikel\/378526.faschismustheorien-der-umschuldungshistoriker.html\">Der Umschuldungshistoriker<\/a><br \/>\n(Mai 2020)<\/h3>\n<p>Vorabdruck aus meinem Buch zu Faschismustheorien in der Tageszeitung <a href=\"https:\/\/www.jungewelt.de\/\">Junge Welt<\/a>. Es geht um den Rechtsintellektuellen <strong>Ernst Nolte<\/strong>. Auf diesen Text gab es eine <a href=\"https:\/\/www.jungewelt.de\/artikel\/379951.faschismustheorien-die-m%C3%A4r-vom-doppelten-nolte.html\">Replik<\/a> von <strong>Dr. Phillip Becher<\/strong> (Siegen), auf die ich wiederum mit einem <a href=\"https:\/\/www.jungewelt.de\/aktuell\/rubrik\/leserbriefe.php?letterId=47175\">Leserbrief<\/a> reagierte.<\/p>\n<h3><a href=\"http:\/\/faschismustheorie.de\/wp-content\/uploads\/2011\/02\/LOTTA74_Woersching_Geschichte-des-Faschismusbegriffs.pdf\">Zwischen Analysekategorie und Kampfbegriff.<br \/>\nZur problematischen Geschichte des Faschismusbegriffs.<\/a><br \/>\n(Fr\u00fchjahr 2019)<\/h3>\n<p>Dieser Beitrag erschien zuerst in der 74. Ausgabe der <a href=\"http:\/\/www.lotta-magazin.de\/\">LOTTA &#8211; Antifaschistische Zeitung aus NRW, Rheinland-Pfalz und Hessen<\/a>. Es handelt sich um einen stark \u00fcberarbeiteten und gek\u00fcrzten Auszug aus meinem 2020 in der Reihe <a href=\"http:\/\/theorie.org\/\">theorie.org des Schmetterling-Verlags<\/a> erscheinenden Einf\u00fchrungsbuch zu Faschismustheorien.<\/p>\n<h3><a href=\"https:\/\/www.antifainfoblatt.de\/artikel\/k%C3%B6nnen-faschismustheorien-bei-der-analyse-des-islamismus-helfen\">K\u00f6nnen Faschismustheorien bei der Analyse des Islamismus helfen?<\/a><br \/>\n(Herbst 2015)<\/h3>\n<p>Letzter Teil einer Diskussionsreihe aus dem <a href=\"https:\/\/www.antifainfoblatt.de\/\">&#8222;Antifaschistischen Infoblatt&#8220; (AIB)<\/a>, Nr. 105-108. Er\u00f6ffnet wurde die Reihe von <strong>Volker Wei\u00df<\/strong> (Hamburg) mit dem Artikel: <a href=\"https:\/\/www.antifainfoblatt.de\/artikel\/islamischer-faschismus\">&#8222;Islamischer Faschismus?&#8220;<\/a>, der auf Parallelen zwischen Faschismus und Islamismus hinwies. Massive Kritik daran kam von <strong>Abu Uli<\/strong> aus Kairo (<a href=\"https:\/\/www.antifainfoblatt.de\/artikel\/islam-faschismus-die-orientierungslosigkeit-der-unabha%CC%88ngigen-linken\">&#8222;Islam + Faschismus. Die Orientierungslosigkeit der unabha\u0308ngigen Linken.&#8220;<\/a>), gefolgt von einem Beitrag von <strong>Klaus Blees<\/strong> und <strong>Roland R\u00f6der<\/strong> vom <a href=\"https:\/\/www.a3wsaar.de\/islamismus\/\">&#8222;Kompetenzzentrum Islamismus&#8220; der &#8222;Aktion 3. Welt Saar&#8220;<\/a> (<a href=\"https:\/\/www.antifainfoblatt.de\/artikel\/%E2%80%9Ees-gibt-keine-rechte-islamkritik%E2%80%9C\">\u201eEs gibt keine rechte Islamkritik.\u201c<\/a>). Mein Dank geht ans AIB und an Volker Wei\u00df f\u00fcr seine Anregungen!<\/p>\n<h3><a title=\"Der Kampfbegriff.\nWozu braucht es heute noch Theorien \u00fcber Faschismus?\" href=\"http:\/\/faschismustheorie.de\/wp-content\/uploads\/2011\/02\/Woersching_Der-Kampfbegriff_Iz3w-339_2013.pdf\">Der Kampfbegriff.<br \/>\nWozu braucht es heute noch Theorien \u00fcber Faschismus?<\/a><br \/>\n(Nov. 2013)<\/h3>\n<p>Dieser Beitrag erschien zuerst in der Ausgabe 339 der Zeitschrift <a title=\"iz3w\" href=\"https:\/\/www.iz3w.org\/\">iz3w<\/a>, die unter dem Titel: <strong>&#8222;Inter-Nationalismus &#8211; Faschismus hat viele Gesichter&#8220;<\/strong> extrem rechte Bewegungen und Ideologien in islamisch gepr\u00e4gten Gesellschaften (<strong>Bernhard Schmid, Stephan Grigat<\/strong>), in der T\u00fcrkei (<strong>Emre Arslan<\/strong>), Indien (<strong>Tobias Delfs<\/strong>), Russland (<strong>Ute Weinmann<\/strong>) und Bulgarien (<strong>Reiko Pinkert, Uwe Stegemann<\/strong>) thematisiert.<\/p>\n<h3><a title=\"(Anti-) Kapitalismus und (Anti-) Faschismus, Islam und Antideutsche\" href=\"http:\/\/faschismustheorie.de\/wp-content\/uploads\/2012\/04\/Woersching_Anti-Kapitalismus-und-Anti-Faschismus_Islam-und-Antideutsche_2013.pdf\">(Anti-) Kapitalismus und (Anti-) Faschismus, Islam und Antideutsche<\/a><br \/>\n(M\u00e4rz 2013)<\/h3>\n<p>Entgegnung auf einen Rundumschlag von <strong>Susann Witt-Stahl<\/strong> und <strong>Michael Sommer<\/strong> aus der linken Tageszeitung <strong>&#8222;Junge Welt&#8220;<\/strong> vom Oktober 2012 (<a title=\"\" href=\"http:\/\/faschismustheorie.de\/wp-content\/uploads\/2012\/04\/Witt-Stahl_Sommer_Hayek-oder-Holzhacken_-JW-23.10.2012.pdf\">&#8222;Hayek oder Holzhacken&#8220;<\/a> sowie <a title=\"\" href=\"http:\/\/faschismustheorie.de\/wp-content\/uploads\/2012\/04\/Witt-Stahl_Sommer_Verschwinden-in-der-Nebelregion_JW-24.10.2012.pdf\">&#8222;Verschwinden in der Nebelregion&#8220;<\/a>).<\/p>\n<h3><a title=\"Ist W\u00f6rsching ein Apologet des Kapitalismus?\" href=\"http:\/\/faschismustheorie.de\/wp-content\/uploads\/2011\/01\/Woersching_Ist-Woersching-ein-Apologet-des-Kapitalismus_2013.pdf\">Ist W\u00f6rsching ein Apologet des Kapitalismus?<\/a><br \/>\n(M\u00e4rz 2013)<\/h3>\n<p>Entgegnung auf <strong>Dr. Kurt Laser<\/strong>, der in dem Mitteilungsblatt des \u201eMarxistischen Arbeitskreises zur Geschichte der deutschen Arbeiterbewegung\u201c bei der Partei DIE LINKE (Nr. 2\/18. Jg. vom Mai 2012) Kritik ge\u00fcbt hatte.<\/p>\n<h3><a href=\"http:\/\/faschismustheorie.de\/wp-content\/uploads\/2011\/02\/Woersching_Noch-einmal-Kritik-an-der-marxistisch-leninistischen-Faschismustheorie_2012.pdf\">Noch einmal Kritik an der marxistisch-leninistischen Faschismustheorie<\/a><br \/>\n(November 2012)<\/h3>\n<p>In der <a title=\"\" href=\"http:\/\/antifa.vvn-bda.de\/\">&#8222;antifa&#8220;<\/a>, dem Magazin der VVN-BdA, erschien im Fr\u00fchjahr 2012 ein Beitrag von mir unter dem Titel <a title=\"\" href=\"http:\/\/faschismustheorie.de\/wp-content\/uploads\/2011\/02\/Woersching_Faschismus-als-Ideologie_antifa-mai-juni-2012_S.-11.pdf\">&#8222;Faschismus als Ideologie&#8220;<\/a>, dem kurz darauf eine Erwiderung (<a title=\"\" href=\"http:\/\/antifa.vvn-bda.de\/2013\/09\/05\/alte-wahrheiten-neue-fragen\/\">&#8222;Alte Wahrheiten, neue Fragen&#8220;<\/a>) von <strong>Philipp Becher<\/strong> und <strong>J\u00fcrgen Lloyd<\/strong> folgte, die hiermit beantwortet werden soll. Zum Thema \u00e4u\u00dferten sich in der &#8222;antifa&#8220; auch <strong>Peter C. Walther<\/strong> in seinem Artikel <a title=\"\" href=\"http:\/\/antifa.vvn-bda.de\/2013\/09\/05\/bundnisbreite-statt-verabsolutierung\/\">&#8222;B\u00fcndnisbreite statt Verabsolutierung&#8220;<\/a> sowie <strong>Richard H\u00e4sler<\/strong> und <strong>Ulrich Schneider<\/strong> in Form eines Interviews \u00fcber <a title=\"\" href=\"http:\/\/antifa.vvn-bda.de\/2013\/09\/05\/ewige-wahrheiten\/\">&#8222;Ewige Wahrheiten?&#8220;<\/a>.<\/p>\n<h3><a title=\"Faschismus als Ideologie\" href=\"http:\/\/faschismustheorie.de\/wp-content\/uploads\/2011\/02\/Woersching_Faschismus-als-Ideologie_antifa-mai-juni-2012_S.-11.pdf\">Faschismus als Ideologie<\/a><br \/>\n(Mai 2012)<\/h3>\n<p>Ein Schl\u00fcssellochblick auf die neueren, ideologiekritischen Faschismustheorien in Abgrenzung zu traditionellen marxistischen Deutungen, zuerst erschienen in der Ausgabe Mai\/Juni 2012 der <a title=\"\" href=\"http:\/\/antifa.vvn-bda.de\/\">&#8222;antifa&#8220;<\/a> (Zeitschrift der <a title=\"VVN-BdA\" href=\"http:\/\/www.vvn-bda.de\/\">VVN-BdA<\/a>).<\/p>\n<h3><a title=\"Betreiben die \" href=\"http:\/\/faschismustheorie.de\/wp-content\/uploads\/2012\/04\/Woersching_Betreiben-die-neuesten-Faschismustheoretiker-das-Geschaeft-der-Reaktion_2012.pdf\">Betreiben die &#8222;neuesten Faschismustheoretiker&#8220; das &#8222;Gesch\u00e4ft der Reaktion&#8220;? <\/a><br \/>\n(April 2012)<\/h3>\n<p>Entgegnung auf <strong>Werner Erdner<\/strong>, der in der Ausgabe Nr. 167 der Zeitschrift &#8222;Rotfuchs&#8220; vom Dezember 2011 eine regelrechte <a title=\"Hetzschrift\" href=\"http:\/\/faschismustheorie.de\/wp-content\/uploads\/2012\/04\/Faschismus_Erdner.pdf\">Hetzschrift<\/a> gegen die neueren Faschismusheorien ver\u00f6ffentlichte. Meine Erwiderung stellt grunds\u00e4tzliche Thesen zum Verh\u00e4ltnis von Faschismus und Kapitalismus und zum faschistischen Antikapitalismus auf.<\/p>\n<h3><a title=\"Nationalsozialismus oder Faschismus?\" href=\"http:\/\/faschismustheorie.de\/wp-content\/uploads\/2011\/01\/UB50-Seite6.pdf\">Nationalsozialismus oder Faschismus?<\/a><br \/>\n(April 2012)<\/h3>\n<p>Bemerkungen zu einem endlosen Streit um W\u00f6rter. Erschienen in &#8222;Unser Blatt&#8220; (UB), Zeitschrift der <a href=\"https:\/\/berlin.vvn-bda.de\/\">Berliner VVN-BdA<\/a>, Nr. 50.<\/p>\n<h3><a title=\"Ein neu reflektierter Faschismusbegriff\" href=\"http:\/\/faschismustheorie.de\/wp-content\/uploads\/2011\/02\/2011_AIB_93-Gesell-Begriffsdebatte_Faschismus.pdf\">Ein neu reflektierter Faschismusbegriff<\/a><br \/>\n(Herbst 2011)<\/h3>\n<p>Ungleichwertigkeitsideologien, extreme Rechte, Nazis, &#8222;Rechtsextremismus&#8220; oder Faschismus? Eine kurze Begriffskl\u00e4rung, zuerst erschienen im <a title=\"Antifaschistisches Info-Blatt (AIB)\" href=\"http:\/\/aib.nadir.org\">&#8222;Antifaschistischen Info-Blatt&#8220; (AIB)<\/a>, Nr. 93.<\/p>\n<h3><a title=\"Was ist Faschismus?\" href=\"http:\/\/faschismustheorie.de\/wp-content\/uploads\/2011\/02\/faschismus_crill.pdf\">Was ist Faschismus?<\/a><br \/>\n(2010)<\/h3>\n<p>Sieben Seiten \u00fcber Faschismus im Stile eines Lexikonartikels &#8211; f\u00fcr eilige Menschen.<\/p>\n<h3><a title=\"Leistungen und Fehlleistungen marxistischer Faschismustheorien\" href=\"http:\/\/faschismustheorie.de\/wp-content\/uploads\/2011\/02\/Woersching_Leistungen-und-Fehlleistungen-marxistischer-Faschismustheorien_2009.pdf\">Leistungen und Fehlleistungen marxistischer Faschismustheorien<\/a><br \/>\n(2009)<\/h3>\n<p>Kritische Betrachtung \u00fcberkommener marxistischer Faschismustheorien. Zuerst erschienen in: Rundbrief der Bundesarbeitsgemeinschaft Rechtsextremismus\/Antifaschismus der Partei DIE LINKE 1\/2009.<\/p>\n<h3>Magisterarbeit: <a title=\"Zur materialistischen allgemeinen Theorie der Faschismen\" href=\"http:\/\/faschismustheorie.de\/wp-content\/uploads\/2011\/01\/webversion-MA-Arbeit_W\u00f6rsching_Faschismustheorie1.pdf\">Zur materialistischen allgemeinen Theorie der Faschismen<\/a><br \/>\n(2008)<\/h3>\n<p>Ein theoretischer Versuch \u00fcber die Faschismen als Ideologien und Bewegungen (130 Seiten).<\/p>\n<h3>Expos\u00e9: <a title=\"Deutsch\u00f6sterreichischer &quot;Offiziersfaschismus&quot; 1918-1945.\" href=\"http:\/\/faschismustheorie.de\/wp-content\/uploads\/2011\/02\/Woersching_Expos\u00e9_Offiziersfaschismus_2007.pdf\">Deutsch\u00f6sterreichischer &#8222;Offiziersfaschismus&#8220; 1918-1945<\/a><br \/>\n(2007)<\/h3>\n<p>Neben den &#8222;faschistischen Tendenzen der Offizierskaste der Habsburgermonarchie&#8220; behandelt der 2013\/14 gek\u00fcrzte, leicht aktualisierte und korrigierte Text auch den sogenannten &#8222;Austrofaschismus&#8220; (1934-1938) und enth\u00e4lt eine kurze Faschismus-Beschreibung.<\/p>\n","protected":false},"excerpt":{"rendered":"<p>Ursprung und Ausweitung. Mehr Sorgfalt beim Faschismusbegriff! (M\u00e4rz 2025) Zuerst erschienen in der Zeitschrift &#8222;antifa&#8220;. Neue Faschismusepoche? \u00dcber Unterschiede zwischen damals und heute. (Januar 2025) Zuerst erschienen in der Zeitschrift &#8222;antifa&#8220;, danach in &#8222;Der sozialdemokratische K\u00e4mpfer&#8220; (Nummer 01-02-03\/2025, S. 14). &hellip; <a href=\"https:\/\/faschismustheorie.de\/?page_id=45\">Weiterlesen <span class=\"meta-nav\">&rarr;<\/span><\/a><\/p>\n","protected":false},"author":1,"featured_media":0,"parent":0,"menu_order":0,"comment_status":"closed","ping_status":"closed","template":"","meta":[],"_links":{"self":[{"href":"https:\/\/faschismustheorie.de\/index.php?rest_route=\/wp\/v2\/pages\/45"}],"collection":[{"href":"https:\/\/faschismustheorie.de\/index.php?rest_route=\/wp\/v2\/pages"}],"about":[{"href":"https:\/\/faschismustheorie.de\/index.php?rest_route=\/wp\/v2\/types\/page"}],"author":[{"embeddable":true,"href":"https:\/\/faschismustheorie.de\/index.php?rest_route=\/wp\/v2\/users\/1"}],"replies":[{"embeddable":true,"href":"https:\/\/faschismustheorie.de\/index.php?rest_route=%2Fwp%2Fv2%2Fcomments&post=45"}],"version-history":[{"count":91,"href":"https:\/\/faschismustheorie.de\/index.php?rest_route=\/wp\/v2\/pages\/45\/revisions"}],"predecessor-version":[{"id":1167,"href":"https:\/\/faschismustheorie.de\/index.php?rest_route=\/wp\/v2\/pages\/45\/revisions\/1167"}],"wp:attachment":[{"href":"https:\/\/faschismustheorie.de\/index.php?rest_route=%2Fwp%2Fv2%2Fmedia&parent=45"}],"curies":[{"name":"wp","href":"https:\/\/api.w.org\/{rel}","templated":true}]}}